{"id":404,"date":"2021-11-30T19:19:42","date_gmt":"2021-11-30T19:19:42","guid":{"rendered":"https:\/\/fundecol.org.co\/?page_id=404"},"modified":"2021-11-30T20:37:20","modified_gmt":"2021-11-30T20:37:20","slug":"proyecto-2022","status":"publish","type":"page","link":"https:\/\/fundecol.org.co\/index.php\/proyecto-2022\/","title":{"rendered":"Proyecto 2022"},"content":{"rendered":"\t\t<div data-elementor-type=\"wp-page\" data-elementor-id=\"404\" class=\"elementor elementor-404\">\n\t\t\t\t\t\t<section class=\"elementor-section elementor-top-section elementor-element elementor-element-2da30cf4 elementor-section-content-middle elementor-section-boxed elementor-section-height-default elementor-section-height-default\" data-id=\"2da30cf4\" data-element_type=\"section\" data-settings=\"{&quot;_ha_eqh_enable&quot;:false}\">\n\t\t\t\t\t\t<div class=\"elementor-container elementor-column-gap-no\">\n\t\t\t\t\t<div class=\"elementor-column elementor-col-33 elementor-top-column elementor-element elementor-element-603dd3c9\" data-id=\"603dd3c9\" data-element_type=\"column\">\n\t\t\t<div class=\"elementor-widget-wrap elementor-element-populated\">\n\t\t\t\t\t\t<div class=\"elementor-element elementor-element-6a33e0a3 elementor-widget elementor-widget-text-editor\" data-id=\"6a33e0a3\" data-element_type=\"widget\" data-widget_type=\"text-editor.default\">\n\t\t\t\t<div class=\"elementor-widget-container\">\n\t\t\t\t\t\t\t\t\t<p>Lo haremos juntos<\/p>\t\t\t\t\t\t\t\t<\/div>\n\t\t\t\t<\/div>\n\t\t\t\t<div class=\"elementor-element elementor-element-75e9f0c elementor-widget elementor-widget-heading\" data-id=\"75e9f0c\" data-element_type=\"widget\" data-widget_type=\"heading.default\">\n\t\t\t\t<div class=\"elementor-widget-container\">\n\t\t\t\t\t<h1 class=\"elementor-heading-title elementor-size-xxl\">METAS 2022<br>CHOC\u00d3 Y GUAJIRA<\/h1>\t\t\t\t<\/div>\n\t\t\t\t<\/div>\n\t\t\t\t<div class=\"elementor-element elementor-element-1dd9d782 elementor-widget elementor-widget-heading\" data-id=\"1dd9d782\" data-element_type=\"widget\" data-widget_type=\"heading.default\">\n\t\t\t\t<div class=\"elementor-widget-container\">\n\t\t\t\t\t<h2 class=\"elementor-heading-title elementor-size-default\">Dos escuelas en la Guajira y dos escuelas en el Pac\u00edfico, en \u00d1uqu\u00ed con paneles solares, bater\u00eda, energ\u00eda y Computador para el 2022<\/h2>\t\t\t\t<\/div>\n\t\t\t\t<\/div>\n\t\t\t\t<div class=\"elementor-element elementor-element-48912939 elementor-widget-divider--view-line elementor-widget elementor-widget-divider\" data-id=\"48912939\" data-element_type=\"widget\" data-widget_type=\"divider.default\">\n\t\t\t\t<div class=\"elementor-widget-container\">\n\t\t\t\t\t\t\t<div class=\"elementor-divider\">\n\t\t\t<span class=\"elementor-divider-separator\">\n\t\t\t\t\t\t<\/span>\n\t\t<\/div>\n\t\t\t\t\t\t<\/div>\n\t\t\t\t<\/div>\n\t\t\t\t\t<\/div>\n\t\t<\/div>\n\t\t\t\t<div class=\"elementor-column elementor-col-33 elementor-top-column elementor-element elementor-element-47212b12\" data-id=\"47212b12\" data-element_type=\"column\">\n\t\t\t<div class=\"elementor-widget-wrap elementor-element-populated\">\n\t\t\t\t\t\t<div class=\"elementor-element elementor-element-7f5cb19 elementor-widget elementor-widget-image\" data-id=\"7f5cb19\" data-element_type=\"widget\" data-widget_type=\"image.default\">\n\t\t\t\t<div class=\"elementor-widget-container\">\n\t\t\t\t\t\t\t\t\t\t\t\t\t\t\t<img fetchpriority=\"high\" decoding=\"async\" width=\"1800\" height=\"1200\" src=\"https:\/\/fundecol.org.co\/wp-content\/uploads\/2021\/11\/fundecol_meta_202201_3.jpg\" class=\"elementor-animation-grow attachment-full size-full wp-image-415\" alt=\"\" srcset=\"https:\/\/fundecol.org.co\/wp-content\/uploads\/2021\/11\/fundecol_meta_202201_3.jpg 1800w, https:\/\/fundecol.org.co\/wp-content\/uploads\/2021\/11\/fundecol_meta_202201_3-300x200.jpg 300w, https:\/\/fundecol.org.co\/wp-content\/uploads\/2021\/11\/fundecol_meta_202201_3-1024x683.jpg 1024w, https:\/\/fundecol.org.co\/wp-content\/uploads\/2021\/11\/fundecol_meta_202201_3-768x512.jpg 768w, https:\/\/fundecol.org.co\/wp-content\/uploads\/2021\/11\/fundecol_meta_202201_3-1536x1024.jpg 1536w\" sizes=\"(max-width: 1800px) 100vw, 1800px\" \/>\t\t\t\t\t\t\t\t\t\t\t\t\t\t\t<\/div>\n\t\t\t\t<\/div>\n\t\t\t\t<div class=\"elementor-element elementor-element-64a4eca8 elementor-widget elementor-widget-text-editor\" data-id=\"64a4eca8\" data-element_type=\"widget\" data-widget_type=\"text-editor.default\">\n\t\t\t\t<div class=\"elementor-widget-container\">\n\t\t\t\t\t\t\t\t\t<p class=\"p1\"><span class=\"s1\">!!800 watt,!!! No es ciencia, es sentido com\u00fan.<\/span><\/p><p class=\"p1\"><span class=\"s1\"><span class=\"Apple-converted-space\">\u00a0<\/span>energia Solar Pura<\/span><\/p><p class=\"p1\"><span class=\"s1\">El Kit Panel Solar 12V 800Whdia, es una poderosa planta solar, que puede ser ampliada para obtener m\u00e1s potencia y cubrir mas electrodom\u00e9sticos.<\/span><\/p><p class=\"p1\"><span class=\"s1\">F\u00e1cil ensamble e instalaci\u00f3n. Preinstalada en la escuela en una caja Met\u00e1lica, y f\u00e1cil mantenimiento.<\/span><\/p>\t\t\t\t\t\t\t\t<\/div>\n\t\t\t\t<\/div>\n\t\t\t\t\t<\/div>\n\t\t<\/div>\n\t\t\t\t<div class=\"elementor-column elementor-col-33 elementor-top-column elementor-element elementor-element-734d8a47\" data-id=\"734d8a47\" data-element_type=\"column\">\n\t\t\t<div class=\"elementor-widget-wrap elementor-element-populated\">\n\t\t\t\t\t\t<div class=\"elementor-element elementor-element-6b15f876 elementor-widget elementor-widget-text-editor\" data-id=\"6b15f876\" data-element_type=\"widget\" data-widget_type=\"text-editor.default\">\n\t\t\t\t<div class=\"elementor-widget-container\">\n\t\t\t\t\t\t\t\t\t<p class=\"p1\"><span class=\"s1\">Las fotos de los productos son de referencia la marca puede variar pero la calidad se mantiene. Todo se deja de Calidad, Nuevo, probado Y Garantizado.<\/span><\/p><p class=\"p1\"><span class=\"s1\">Consumos habituales que el Kit Panel Solar 800W dia puede cubrir. La estimaci\u00f3n de producci\u00f3n se ha tomado con un m\u00ednimo de 7 horas de sol pico.<\/span><\/p><p class=\"p1\"><span class=\"s1\">8 x Luces Led 10W durante 12h\/d\u00eda 4h\/noche<\/span><\/p><p class=\"p1\"><span class=\"s1\">4 x Cargas de m\u00f3vil durante 12h\/d\u00eda 4h\/noche<\/span><\/p><p class=\"p1\"><span class=\"s1\">2x Ordenador port\u00e1til durante 12h\/d\u00eda 4h\/noche<\/span><\/p><p class=\"p1\"><span class=\"s1\">2 x TV Plana 50W durante 12h\/d\u00eda 4h\/noche<\/span><\/p><p class=\"p1\"><span class=\"s1\">2 X Ventilador de Piso. 12h\/dia.<\/span><\/p>\t\t\t\t\t\t\t\t<\/div>\n\t\t\t\t<\/div>\n\t\t\t\t<div class=\"elementor-element elementor-element-36b3b452 elementor-widget elementor-widget-image\" data-id=\"36b3b452\" data-element_type=\"widget\" data-widget_type=\"image.default\">\n\t\t\t\t<div class=\"elementor-widget-container\">\n\t\t\t\t\t\t\t\t\t\t\t\t\t\t\t<img decoding=\"async\" width=\"532\" height=\"625\" src=\"https:\/\/fundecol.org.co\/wp-content\/uploads\/2021\/11\/fundecol_meta_202201_2.webp\" class=\"elementor-animation-grow attachment-full size-full wp-image-414\" alt=\"\" srcset=\"https:\/\/fundecol.org.co\/wp-content\/uploads\/2021\/11\/fundecol_meta_202201_2.webp 532w, https:\/\/fundecol.org.co\/wp-content\/uploads\/2021\/11\/fundecol_meta_202201_2-255x300.webp 255w\" sizes=\"(max-width: 532px) 100vw, 532px\" \/>\t\t\t\t\t\t\t\t\t\t\t\t\t\t\t<\/div>\n\t\t\t\t<\/div>\n\t\t\t\t\t<\/div>\n\t\t<\/div>\n\t\t\t\t\t<\/div>\n\t\t<\/section>\n\t\t\t\t<section class=\"elementor-section elementor-top-section elementor-element elementor-element-2e7f343c elementor-section-content-middle elementor-section-boxed elementor-section-height-default elementor-section-height-default\" data-id=\"2e7f343c\" data-element_type=\"section\" data-settings=\"{&quot;_ha_eqh_enable&quot;:false}\">\n\t\t\t\t\t\t<div class=\"elementor-container elementor-column-gap-no\">\n\t\t\t\t\t<div class=\"elementor-column elementor-col-33 elementor-top-column elementor-element elementor-element-752e889\" data-id=\"752e889\" data-element_type=\"column\">\n\t\t\t<div class=\"elementor-widget-wrap elementor-element-populated\">\n\t\t\t\t\t\t<div class=\"elementor-element elementor-element-79ef6aba elementor-widget elementor-widget-text-editor\" data-id=\"79ef6aba\" data-element_type=\"widget\" data-widget_type=\"text-editor.default\">\n\t\t\t\t<div class=\"elementor-widget-container\">\n\t\t\t\t\t\t\t\t\t<p>Claro que podemos mejorar el mundo<\/p>\t\t\t\t\t\t\t\t<\/div>\n\t\t\t\t<\/div>\n\t\t\t\t<div class=\"elementor-element elementor-element-7f80effa elementor-widget elementor-widget-heading\" data-id=\"7f80effa\" data-element_type=\"widget\" data-widget_type=\"heading.default\">\n\t\t\t\t<div class=\"elementor-widget-container\">\n\t\t\t\t\t<h3 class=\"elementor-heading-title elementor-size-default\">Choc\u00f3<\/h3>\t\t\t\t<\/div>\n\t\t\t\t<\/div>\n\t\t\t\t<div class=\"elementor-element elementor-element-5c4d5987 elementor-widget elementor-widget-image\" data-id=\"5c4d5987\" data-element_type=\"widget\" data-widget_type=\"image.default\">\n\t\t\t\t<div class=\"elementor-widget-container\">\n\t\t\t\t\t\t\t\t\t\t\t\t\t\t\t<img decoding=\"async\" width=\"800\" height=\"600\" src=\"https:\/\/fundecol.org.co\/wp-content\/uploads\/2021\/11\/fundecol_meta_202201_1.webp\" class=\"elementor-animation-grow attachment-large size-large wp-image-413\" alt=\"\" srcset=\"https:\/\/fundecol.org.co\/wp-content\/uploads\/2021\/11\/fundecol_meta_202201_1.webp 960w, https:\/\/fundecol.org.co\/wp-content\/uploads\/2021\/11\/fundecol_meta_202201_1-300x225.webp 300w, https:\/\/fundecol.org.co\/wp-content\/uploads\/2021\/11\/fundecol_meta_202201_1-768x576.webp 768w\" sizes=\"(max-width: 800px) 100vw, 800px\" \/>\t\t\t\t\t\t\t\t\t\t\t\t\t\t\t<\/div>\n\t\t\t\t<\/div>\n\t\t\t\t\t<\/div>\n\t\t<\/div>\n\t\t\t\t<div class=\"elementor-column elementor-col-33 elementor-top-column elementor-element elementor-element-26639560\" data-id=\"26639560\" data-element_type=\"column\">\n\t\t\t<div class=\"elementor-widget-wrap elementor-element-populated\">\n\t\t\t\t\t\t<div class=\"elementor-element elementor-element-38010f97 elementor-widget elementor-widget-image\" data-id=\"38010f97\" data-element_type=\"widget\" data-widget_type=\"image.default\">\n\t\t\t\t<div class=\"elementor-widget-container\">\n\t\t\t\t\t\t\t\t\t\t\t\t\t\t\t<img loading=\"lazy\" decoding=\"async\" width=\"800\" height=\"600\" src=\"https:\/\/fundecol.org.co\/wp-content\/uploads\/2021\/11\/fundecol_meta_202201_4-1024x768.jpg\" class=\"elementor-animation-grow attachment-large size-large wp-image-412\" alt=\"\" srcset=\"https:\/\/fundecol.org.co\/wp-content\/uploads\/2021\/11\/fundecol_meta_202201_4-1024x768.jpg 1024w, https:\/\/fundecol.org.co\/wp-content\/uploads\/2021\/11\/fundecol_meta_202201_4-300x225.jpg 300w, https:\/\/fundecol.org.co\/wp-content\/uploads\/2021\/11\/fundecol_meta_202201_4-768x576.jpg 768w, https:\/\/fundecol.org.co\/wp-content\/uploads\/2021\/11\/fundecol_meta_202201_4-1536x1152.jpg 1536w, https:\/\/fundecol.org.co\/wp-content\/uploads\/2021\/11\/fundecol_meta_202201_4.jpg 2048w\" sizes=\"(max-width: 800px) 100vw, 800px\" \/>\t\t\t\t\t\t\t\t\t\t\t\t\t\t\t<\/div>\n\t\t\t\t<\/div>\n\t\t\t\t<div class=\"elementor-element elementor-element-4b4379cb elementor-widget elementor-widget-text-editor\" data-id=\"4b4379cb\" data-element_type=\"widget\" data-widget_type=\"text-editor.default\">\n\t\t\t\t<div class=\"elementor-widget-container\">\n\t\t\t\t\t\t\t\t\t<p class=\"p1\"><span class=\"s1\">Componentes del Kit Panel Solar 800W 12V<\/span><\/p><p class=\"p1\"><span class=\"s1\">El kit esta compuesto de:<\/span><\/p><p class=\"p1\"><span class=\"s1\">un (1) Panel Solar 200W 12V policristalino o dos(2) de 100 watt: Este arreglo de Panel Solar de 200W a 12V , fabricado con c\u00e9lulas de silicio policristalino ofrece un gran rendimiento y eficiencia para nuestro sistema fotovoltaico. Este panel solar de elevado rendimiento, ofrece muy buena potencia en la gama de 12V, dando un rendimiento un 20% superior a un panel de las mismas caracteristicas. Este panel solar tiene una relaci\u00f3n precio-rendimiento muy buena en 12V , trae 90 cm de cableado con conectores MC4 incorporados en los extremos para facilitar la conexi\u00f3n. Un panel con total garant\u00eda de funcionamiento gracias a su gran calidad de construcci\u00f3n y excelentes caracter\u00edsticas.<\/span><\/p>\t\t\t\t\t\t\t\t<\/div>\n\t\t\t\t<\/div>\n\t\t\t\t\t<\/div>\n\t\t<\/div>\n\t\t\t\t<div class=\"elementor-column elementor-col-33 elementor-top-column elementor-element elementor-element-25dcbcca\" data-id=\"25dcbcca\" data-element_type=\"column\">\n\t\t\t<div class=\"elementor-widget-wrap elementor-element-populated\">\n\t\t\t\t\t\t<div class=\"elementor-element elementor-element-0676126 elementor-widget elementor-widget-heading\" data-id=\"0676126\" data-element_type=\"widget\" data-widget_type=\"heading.default\">\n\t\t\t\t<div class=\"elementor-widget-container\">\n\t\t\t\t\t<h3 class=\"elementor-heading-title elementor-size-default\">Guajira<\/h3>\t\t\t\t<\/div>\n\t\t\t\t<\/div>\n\t\t\t\t<div class=\"elementor-element elementor-element-559f1bc0 elementor-widget elementor-widget-image\" data-id=\"559f1bc0\" data-element_type=\"widget\" data-widget_type=\"image.default\">\n\t\t\t\t<div class=\"elementor-widget-container\">\n\t\t\t\t\t\t\t\t\t\t\t\t\t\t\t<img loading=\"lazy\" decoding=\"async\" width=\"1440\" height=\"2560\" src=\"https:\/\/fundecol.org.co\/wp-content\/uploads\/2021\/11\/fundecol201604_8-scaled.jpg\" class=\"elementor-animation-grow attachment-full size-full wp-image-411\" alt=\"\" srcset=\"https:\/\/fundecol.org.co\/wp-content\/uploads\/2021\/11\/fundecol201604_8-scaled.jpg 1440w, https:\/\/fundecol.org.co\/wp-content\/uploads\/2021\/11\/fundecol201604_8-169x300.jpg 169w, https:\/\/fundecol.org.co\/wp-content\/uploads\/2021\/11\/fundecol201604_8-576x1024.jpg 576w, https:\/\/fundecol.org.co\/wp-content\/uploads\/2021\/11\/fundecol201604_8-768x1365.jpg 768w, https:\/\/fundecol.org.co\/wp-content\/uploads\/2021\/11\/fundecol201604_8-864x1536.jpg 864w, https:\/\/fundecol.org.co\/wp-content\/uploads\/2021\/11\/fundecol201604_8-1152x2048.jpg 1152w\" sizes=\"(max-width: 1440px) 100vw, 1440px\" \/>\t\t\t\t\t\t\t\t\t\t\t\t\t\t\t<\/div>\n\t\t\t\t<\/div>\n\t\t\t\t\t<\/div>\n\t\t<\/div>\n\t\t\t\t\t<\/div>\n\t\t<\/section>\n\t\t\t\t<section class=\"elementor-section elementor-top-section elementor-element elementor-element-1ac483c elementor-section-boxed elementor-section-height-default elementor-section-height-default\" data-id=\"1ac483c\" data-element_type=\"section\" data-settings=\"{&quot;_ha_eqh_enable&quot;:false}\">\n\t\t\t\t\t\t<div class=\"elementor-container elementor-column-gap-default\">\n\t\t\t\t\t<div class=\"elementor-column elementor-col-16 elementor-top-column elementor-element elementor-element-8a8a37c\" data-id=\"8a8a37c\" data-element_type=\"column\">\n\t\t\t<div class=\"elementor-widget-wrap\">\n\t\t\t\t\t\t\t<\/div>\n\t\t<\/div>\n\t\t\t\t<div class=\"elementor-column elementor-col-66 elementor-top-column elementor-element elementor-element-63c8b3e\" data-id=\"63c8b3e\" data-element_type=\"column\">\n\t\t\t<div class=\"elementor-widget-wrap elementor-element-populated\">\n\t\t\t\t\t\t<div class=\"elementor-element elementor-element-714d5ee elementor-widget elementor-widget-text-editor\" data-id=\"714d5ee\" data-element_type=\"widget\" data-widget_type=\"text-editor.default\">\n\t\t\t\t<div class=\"elementor-widget-container\">\n\t\t\t\t\t\t\t\t\t<p class=\"p1\"><span class=\"s1\">1x Regulador PWM 30A LCD 12\/24V : Regulador de carga capaz de trabajar con 12 o 24V que incorpora una pantalla LCD que indica toda la informaci\u00f3n relacionada con la carga de la bater\u00eda desde paneles. Adem\u00e1s este Regulador carga solar de 30A de fabricaci\u00f3n China de alta calidad certificada, se puede configurar f\u00e1cilmente para poder cargar con precisi\u00f3n nuestra bater\u00eda, sea de la tecnolog\u00eda que sea, con lo que aseguraremos un resultado perfecto y una larga vida \u00fatil de los acumuladores. Tambi\u00e9n dispone de 2 puertos USB para poder cargar nuestros dispositivos m\u00f3viles y ofrece dos a\u00f1os de garant\u00eda de fabricante. Est\u00e1 disponible desde 10A hasta 60A en modelos de 12 y 24V.<\/span><\/p><p class=\"p1\"><span class=\"s1\">1x Inversor 800Watt : El inversor Solar ofrece una soluci\u00f3n muy \u00fatil para sistemas fotovoltaicos medianos . El inversor onda modificada de baja frecuencia con bobinado, por lo que la calidad de la onda el\u00e9ctrica y la fiabilidad del mismo es muy superior.<\/span><\/p><p class=\"p1\"><span class=\"s1\">1x Bater\u00eda AGM 12V 55Ah : Esta bater\u00eda de una primera marca ofrece las m\u00e1ximas garant\u00edas de rendimiento y durabilidad para su kit solar. Es de ciclo profundo y supone lo mejor en tecnolog\u00eda de bater\u00edas de plomo con electro lito en AGM. Tienen una vida media superior a los 800 ciclos, no obstante si hacemos descargas m\u00e1s leves del 30% duplicaremos la vida de la bater\u00eda con facilidad superando con holgura los 1600 ciclos. No precisa mantenimiento y es una bater\u00eda muy segura para que trabaje en interior porque no emite vapores. La bater\u00eda dispone de terminales de tornillo F10 y tiene un peso aproximado de 15Kg.<\/span><\/p><p class=\"p1\"><span class=\"s1\">1x Conectores MC4 Paneles. Son un tipo de conector compatible con el terminal que viene ya incluido en el panel solar viene listo para conectar los cables que tambien ya vienen ponchados, Facil instalacion.,<\/span><\/p><p class=\"p1\"><span class=\"s1\">8 mts de cable energ\u00eda solar .<\/span><\/p><p class=\"p1\"><span class=\"s1\">Es un excelente producto, se env\u00eda probado y funcionando, es de f\u00e1cil instalaci\u00f3n.<\/span><\/p><p class=\"p1\"><span class=\"s1\">La \u00fanica recomendaci\u00f3n es no sobre cargar la planta con aparatos que consuman o sumen en su conjunto mas de 800 watt ( a ver si funciona) por que se quema el inversor y este producto no tiene garant\u00eda si llega quemado , aunque se puede cambiar solo el elemento.<\/span><\/p>\t\t\t\t\t\t\t\t<\/div>\n\t\t\t\t<\/div>\n\t\t\t\t\t<\/div>\n\t\t<\/div>\n\t\t\t\t<div class=\"elementor-column elementor-col-16 elementor-top-column elementor-element elementor-element-63bb351\" data-id=\"63bb351\" data-element_type=\"column\">\n\t\t\t<div class=\"elementor-widget-wrap\">\n\t\t\t\t\t\t\t<\/div>\n\t\t<\/div>\n\t\t\t\t\t<\/div>\n\t\t<\/section>\n\t\t\t\t<\/div>\n\t\t","protected":false},"excerpt":{"rendered":"<p>Lo haremos juntos METAS 2022 CHOC\u00d3 Y GUAJIRA Dos escuelas en la Guajira y dos escuelas en el Pac\u00edfico, en \u00d1uqu\u00ed con paneles solares, bater\u00eda, energ\u00eda y Computador para el 2022 !!800 watt,!!! No es ciencia, es sentido com\u00fan. &nbsp;energia Solar Pura El Kit Panel Solar 12V 800Whdia, es una poderosa planta solar, que puede [&hellip;]<\/p>\n","protected":false},"author":1,"featured_media":0,"parent":0,"menu_order":0,"comment_status":"closed","ping_status":"closed","template":"","meta":{"footnotes":""},"class_list":["post-404","page","type-page","status-publish","hentry"],"_links":{"self":[{"href":"https:\/\/fundecol.org.co\/index.php\/wp-json\/wp\/v2\/pages\/404","targetHints":{"allow":["GET"]}}],"collection":[{"href":"https:\/\/fundecol.org.co\/index.php\/wp-json\/wp\/v2\/pages"}],"about":[{"href":"https:\/\/fundecol.org.co\/index.php\/wp-json\/wp\/v2\/types\/page"}],"author":[{"embeddable":true,"href":"https:\/\/fundecol.org.co\/index.php\/wp-json\/wp\/v2\/users\/1"}],"replies":[{"embeddable":true,"href":"https:\/\/fundecol.org.co\/index.php\/wp-json\/wp\/v2\/comments?post=404"}],"version-history":[{"count":0,"href":"https:\/\/fundecol.org.co\/index.php\/wp-json\/wp\/v2\/pages\/404\/revisions"}],"wp:attachment":[{"href":"https:\/\/fundecol.org.co\/index.php\/wp-json\/wp\/v2\/media?parent=404"}],"curies":[{"name":"wp","href":"https:\/\/api.w.org\/{rel}","templated":true}]}}